{"id":3526,"date":"2023-09-26T04:26:54","date_gmt":"2023-09-26T04:26:54","guid":{"rendered":"https:\/\/sercargologistics.com\/corporation\/?page_id=3526"},"modified":"2025-04-11T17:01:00","modified_gmt":"2025-04-11T17:01:00","slug":"seguro-de-carga","status":"publish","type":"page","link":"https:\/\/sercargologistics.com\/corporation\/seguro-de-carga\/","title":{"rendered":"Seguro de Carga"},"content":{"rendered":"\t\t<div data-elementor-type=\"wp-page\" data-elementor-id=\"3526\" class=\"elementor elementor-3526\">\n\t\t\t\t\t\t\t\t\t<section class=\"elementor-section elementor-top-section elementor-element elementor-element-26e8d99 elementor-section-boxed elementor-section-height-default elementor-section-height-default\" data-id=\"26e8d99\" data-element_type=\"section\" data-settings=\"{&quot;background_background&quot;:&quot;classic&quot;}\">\n\t\t\t\t\t\t<div class=\"elementor-container elementor-column-gap-default\">\n\t\t\t\t\t<div class=\"elementor-column elementor-col-50 elementor-top-column elementor-element elementor-element-b7829ff\" data-id=\"b7829ff\" data-element_type=\"column\">\n\t\t\t<div class=\"elementor-widget-wrap elementor-element-populated\">\n\t\t\t\t\t\t\t\t<div class=\"elementor-element elementor-element-ba2bd0e reset-max-width about-page-counter elementor-widget elementor-widget-image\" data-id=\"ba2bd0e\" data-element_type=\"widget\" data-widget_type=\"image.default\">\n\t\t\t\t<div class=\"elementor-widget-container\">\n\t\t\t<style>\/*! elementor - v3.14.0 - 26-06-2023 *\/\n.elementor-widget-image{text-align:center}.elementor-widget-image a{display:inline-block}.elementor-widget-image a img[src$=\".svg\"]{width:48px}.elementor-widget-image img{vertical-align:middle;display:inline-block}<\/style>\t\t\t\t\t\t\t\t\t\t\t\t<img loading=\"lazy\" decoding=\"async\" width=\"520\" height=\"650\" src=\"https:\/\/sercargologistics.com\/corporation\/wp-content\/uploads\/2023\/09\/seguro-de-carga.jpg\" class=\"attachment-full size-full wp-image-3528\" alt=\"\" srcset=\"https:\/\/sercargologistics.com\/corporation\/wp-content\/uploads\/2023\/09\/seguro-de-carga.jpg 520w, https:\/\/sercargologistics.com\/corporation\/wp-content\/uploads\/2023\/09\/seguro-de-carga-240x300.jpg 240w, https:\/\/sercargologistics.com\/corporation\/wp-content\/uploads\/2023\/09\/seguro-de-carga-64x80.jpg 64w\" sizes=\"auto, (max-width: 520px) 100vw, 520px\" \/>\t\t\t\t\t\t\t\t\t\t\t\t\t\t\t<\/div>\n\t\t\t\t<\/div>\n\t\t\t\t\t<\/div>\n\t\t<\/div>\n\t\t\t\t<div class=\"elementor-column elementor-col-50 elementor-top-column elementor-element elementor-element-b4fcd24\" data-id=\"b4fcd24\" data-element_type=\"column\">\n\t\t\t<div class=\"elementor-widget-wrap elementor-element-populated\">\n\t\t\t\t\t\t\t\t<section class=\"elementor-section elementor-inner-section elementor-element elementor-element-cfe0813 elementor-section-boxed elementor-section-height-default elementor-section-height-default\" data-id=\"cfe0813\" data-element_type=\"section\">\n\t\t\t\t\t\t<div class=\"elementor-container elementor-column-gap-default\">\n\t\t\t\t\t<div class=\"elementor-column elementor-col-100 elementor-inner-column elementor-element elementor-element-68851f3\" data-id=\"68851f3\" data-element_type=\"column\">\n\t\t\t<div class=\"elementor-widget-wrap elementor-element-populated\">\n\t\t\t\t\t\t\t\t<div class=\"elementor-element elementor-element-00d577b elementor-widget elementor-widget-section-head\" data-id=\"00d577b\" data-element_type=\"widget\" data-widget_type=\"section-head.default\">\n\t\t\t\t<div class=\"elementor-widget-container\">\n\t\t\t\t\t<div class=\"section-title \">\r\n\t\t\t            <span class=\"line wow none\" data-wow-delay=\"0.2s\">SerCargo Corporation<\/span>\r\n                        <h2>\r\n            \t            \t<span class=\"tl1\" >Seguro de Carga<\/span>\r\n            \t            <\/h2>\r\n                  <\/div>\r\n\t\t\t<\/div>\n\t\t\t\t<\/div>\n\t\t\t\t\t<\/div>\n\t\t<\/div>\n\t\t\t\t\t\t\t<\/div>\n\t\t<\/section>\n\t\t\t\t<section class=\"elementor-section elementor-inner-section elementor-element elementor-element-c9986eb elementor-section-boxed elementor-section-height-default elementor-section-height-default\" data-id=\"c9986eb\" data-element_type=\"section\">\n\t\t\t\t\t\t<div class=\"elementor-container elementor-column-gap-default\">\n\t\t\t\t\t<div class=\"elementor-column elementor-col-100 elementor-inner-column elementor-element elementor-element-c32a760\" data-id=\"c32a760\" data-element_type=\"column\">\n\t\t\t<div class=\"elementor-widget-wrap elementor-element-populated\">\n\t\t\t\t\t\t\t\t<div class=\"elementor-element elementor-element-55e3085 elementor-widget elementor-widget-single-icon-item\" data-id=\"55e3085\" data-element_type=\"widget\" data-widget_type=\"single-icon-item.default\">\n\t\t\t\t<div class=\"elementor-widget-container\">\n\t\t\t\r\n      \t<div class=\"single-about-box text-left\">\r\n            <div class=\"about-box-icon\">\r\n               \t         \t\t<i class=\"ifs-icon fal fa-cogs\"><\/i>\r\n\t         \t            <\/div>\r\n            <div class=\"about-box-content typography_style\">\r\n               \t         \t<h4 >Seguro de Carga<\/h4>\r\n\t         \t               <p >El Seguro de transporte de Carga le brinda protecci\u00f3n contra riesgos derivados de accidentes, aver\u00edas, actos delictivos o extrav\u00edos, a las que est\u00e1n expuestas las mercanc\u00edas en tr\u00e1nsito, contamos con coberturas totales o parciales.<\/p>\r\n            <\/div>\r\n            <div class=\"watermark-icon\">\r\n           \t \t         \t\t<i class=\"about-hover-icon ifs-icon fal fa-cogs\"><\/i>\r\n\t         \t            <\/div>\r\n         <\/div>\r\n\r\n\t\t\t\t<\/div>\n\t\t\t\t<\/div>\n\t\t\t\t\t<\/div>\n\t\t<\/div>\n\t\t\t\t\t\t\t<\/div>\n\t\t<\/section>\n\t\t\t\t\t<\/div>\n\t\t<\/div>\n\t\t\t\t\t\t\t<\/div>\n\t\t<\/section>\n\t\t\t\t<section class=\"elementor-section elementor-top-section elementor-element elementor-element-04d2d66 elementor-section-boxed elementor-section-height-default elementor-section-height-default\" data-id=\"04d2d66\" data-element_type=\"section\" data-settings=\"{&quot;background_background&quot;:&quot;classic&quot;}\">\n\t\t\t\t\t\t\t<div class=\"elementor-background-overlay\"><\/div>\n\t\t\t\t\t\t\t<div class=\"elementor-container elementor-column-gap-default\">\n\t\t\t\t\t<div class=\"elementor-column elementor-col-50 elementor-top-column elementor-element elementor-element-8d374a3\" data-id=\"8d374a3\" data-element_type=\"column\">\n\t\t\t<div class=\"elementor-widget-wrap elementor-element-populated\">\n\t\t\t\t\t\t\t\t<section class=\"elementor-section elementor-inner-section elementor-element elementor-element-d9c768a elementor-section-boxed elementor-section-height-default elementor-section-height-default\" data-id=\"d9c768a\" data-element_type=\"section\">\n\t\t\t\t\t\t<div class=\"elementor-container elementor-column-gap-default\">\n\t\t\t\t\t<div class=\"elementor-column elementor-col-100 elementor-inner-column elementor-element elementor-element-f9c2ad5 elementor-invisible\" data-id=\"f9c2ad5\" data-element_type=\"column\" data-settings=\"{&quot;animation&quot;:&quot;bounceIn&quot;}\">\n\t\t\t<div class=\"elementor-widget-wrap elementor-element-populated\">\n\t\t\t\t\t\t\t\t<div class=\"elementor-element elementor-element-1689246 elementor-widget elementor-widget-section-head\" data-id=\"1689246\" data-element_type=\"widget\" data-widget_type=\"section-head.default\">\n\t\t\t\t<div class=\"elementor-widget-container\">\n\t\t\t\t\t<div class=\"section-title \">\r\n\t\t\t            <span class=\"line wow \">Contacto<\/span>\r\n                        <h2>\r\n            \t            \t<span class=\"tl1\" >Soluciones Log\u00edsticas Personalizadas<\/span>\r\n            \t            \t<span class=\"tl2\" >Servicios Corporativos<\/span>\r\n            \t            <\/h2>\r\n                  <\/div>\r\n\t\t\t<\/div>\n\t\t\t\t<\/div>\n\t\t\t\t\t<\/div>\n\t\t<\/div>\n\t\t\t\t\t\t\t<\/div>\n\t\t<\/section>\n\t\t\t\t<div class=\"elementor-element elementor-element-10f46bf elementor-widget elementor-widget-spacer\" data-id=\"10f46bf\" data-element_type=\"widget\" data-widget_type=\"spacer.default\">\n\t\t\t\t<div class=\"elementor-widget-container\">\n\t\t\t<style>\/*! elementor - v3.14.0 - 26-06-2023 *\/\n.elementor-column .elementor-spacer-inner{height:var(--spacer-size)}.e-con{--container-widget-width:100%}.e-con-inner>.elementor-widget-spacer,.e-con>.elementor-widget-spacer{width:var(--container-widget-width,var(--spacer-size));--align-self:var(--container-widget-align-self,initial);--flex-shrink:0}.e-con-inner>.elementor-widget-spacer>.elementor-widget-container,.e-con-inner>.elementor-widget-spacer>.elementor-widget-container>.elementor-spacer,.e-con>.elementor-widget-spacer>.elementor-widget-container,.e-con>.elementor-widget-spacer>.elementor-widget-container>.elementor-spacer{height:100%}.e-con-inner>.elementor-widget-spacer>.elementor-widget-container>.elementor-spacer>.elementor-spacer-inner,.e-con>.elementor-widget-spacer>.elementor-widget-container>.elementor-spacer>.elementor-spacer-inner{height:var(--container-widget-height,var(--spacer-size))}<\/style>\t\t<div class=\"elementor-spacer\">\n\t\t\t<div class=\"elementor-spacer-inner\"><\/div>\n\t\t<\/div>\n\t\t\t\t<\/div>\n\t\t\t\t<\/div>\n\t\t\t\t\t<\/div>\n\t\t<\/div>\n\t\t\t\t<div class=\"elementor-column elementor-col-50 elementor-top-column elementor-element elementor-element-93ba0f2\" data-id=\"93ba0f2\" data-element_type=\"column\">\n\t\t\t<div class=\"elementor-widget-wrap elementor-element-populated\">\n\t\t\t\t\t\t\t\t<div class=\"elementor-element elementor-element-4e56679 elementor-widget__width-auto elementor-invisible elementor-widget elementor-widget-geoport-button\" data-id=\"4e56679\" data-element_type=\"widget\" data-settings=\"{&quot;_animation&quot;:&quot;bounceInRight&quot;}\" data-widget_type=\"geoport-button.default\">\n\t\t\t\t<div class=\"elementor-widget-container\">\n\t\t\t\t\t<div class=\"geoport-button-wrapper\">\r\n\t\t<a href=\"https:\/\/sercargologistics.com\/corporation\/contacto\/\" target=\"_blank\" rel=\"nofollow\" class=\"geoport-btn btn\"><i class=\"ifs-icon fal fa-angle-right\">\r\n\t\t\t<\/i>Contactar<\/a>\t\t<\/div>\r\n\t\t\t<\/div>\n\t\t\t\t<\/div>\n\t\t\t\t\t<\/div>\n\t\t<\/div>\n\t\t\t\t\t\t\t<\/div>\n\t\t<\/section>\n\t\t\t\t\t\t\t<\/div>\n\t\t","protected":false},"excerpt":{"rendered":"<p>SerCargo Corporation Seguro de Carga Seguro de Carga El Seguro de transporte de Carga le brinda protecci\u00f3n contra riesgos derivados de accidentes, aver\u00edas, actos delictivos o extrav\u00edos, a las que est\u00e1n expuestas las mercanc\u00edas en tr\u00e1nsito, contamos con coberturas totales o parciales. Contacto Soluciones Log\u00edsticas Personalizadas Servicios Corporativos Contactar<\/p>\n","protected":false},"author":1,"featured_media":0,"parent":0,"menu_order":0,"comment_status":"closed","ping_status":"closed","template":"page-template\/blank-page-sidebar.php","meta":{"_monsterinsights_skip_tracking":false,"_monsterinsights_sitenote_active":false,"_monsterinsights_sitenote_note":"","_monsterinsights_sitenote_category":0,"footnotes":""},"class_list":["post-3526","page","type-page","status-publish","hentry"],"aioseo_notices":[],"_links":{"self":[{"href":"https:\/\/sercargologistics.com\/corporation\/wp-json\/wp\/v2\/pages\/3526","targetHints":{"allow":["GET"]}}],"collection":[{"href":"https:\/\/sercargologistics.com\/corporation\/wp-json\/wp\/v2\/pages"}],"about":[{"href":"https:\/\/sercargologistics.com\/corporation\/wp-json\/wp\/v2\/types\/page"}],"author":[{"embeddable":true,"href":"https:\/\/sercargologistics.com\/corporation\/wp-json\/wp\/v2\/users\/1"}],"replies":[{"embeddable":true,"href":"https:\/\/sercargologistics.com\/corporation\/wp-json\/wp\/v2\/comments?post=3526"}],"version-history":[{"count":9,"href":"https:\/\/sercargologistics.com\/corporation\/wp-json\/wp\/v2\/pages\/3526\/revisions"}],"predecessor-version":[{"id":3616,"href":"https:\/\/sercargologistics.com\/corporation\/wp-json\/wp\/v2\/pages\/3526\/revisions\/3616"}],"wp:attachment":[{"href":"https:\/\/sercargologistics.com\/corporation\/wp-json\/wp\/v2\/media?parent=3526"}],"curies":[{"name":"wp","href":"https:\/\/api.w.org\/{rel}","templated":true}]}}