{"id":3505,"date":"2023-09-26T04:12:40","date_gmt":"2023-09-26T04:12:40","guid":{"rendered":"https:\/\/sercargologistics.com\/corporation\/?page_id=3505"},"modified":"2025-04-11T17:00:41","modified_gmt":"2025-04-11T17:00:41","slug":"importacion-y-exportacion","status":"publish","type":"page","link":"https:\/\/sercargologistics.com\/corporation\/importacion-y-exportacion\/","title":{"rendered":"Importaci\u00f3n y Exportaci\u00f3n"},"content":{"rendered":"\t\t<div data-elementor-type=\"wp-page\" data-elementor-id=\"3505\" class=\"elementor elementor-3505\">\n\t\t\t\t\t\t\t\t\t<section class=\"elementor-section elementor-top-section elementor-element elementor-element-26e8d99 elementor-section-boxed elementor-section-height-default elementor-section-height-default\" data-id=\"26e8d99\" data-element_type=\"section\" data-settings=\"{&quot;background_background&quot;:&quot;classic&quot;}\">\n\t\t\t\t\t\t<div class=\"elementor-container elementor-column-gap-default\">\n\t\t\t\t\t<div class=\"elementor-column elementor-col-50 elementor-top-column elementor-element elementor-element-b7829ff\" data-id=\"b7829ff\" data-element_type=\"column\">\n\t\t\t<div class=\"elementor-widget-wrap elementor-element-populated\">\n\t\t\t\t\t\t\t\t<div class=\"elementor-element elementor-element-ba2bd0e reset-max-width about-page-counter elementor-widget elementor-widget-image\" data-id=\"ba2bd0e\" data-element_type=\"widget\" data-widget_type=\"image.default\">\n\t\t\t\t<div class=\"elementor-widget-container\">\n\t\t\t<style>\/*! elementor - v3.14.0 - 26-06-2023 *\/\n.elementor-widget-image{text-align:center}.elementor-widget-image a{display:inline-block}.elementor-widget-image a img[src$=\".svg\"]{width:48px}.elementor-widget-image img{vertical-align:middle;display:inline-block}<\/style>\t\t\t\t\t\t\t\t\t\t\t\t<img loading=\"lazy\" decoding=\"async\" width=\"520\" height=\"650\" src=\"https:\/\/sercargologistics.com\/corporation\/wp-content\/uploads\/2023\/09\/import-export.jpg\" class=\"attachment-full size-full wp-image-3506\" alt=\"\" srcset=\"https:\/\/sercargologistics.com\/corporation\/wp-content\/uploads\/2023\/09\/import-export.jpg 520w, https:\/\/sercargologistics.com\/corporation\/wp-content\/uploads\/2023\/09\/import-export-240x300.jpg 240w, https:\/\/sercargologistics.com\/corporation\/wp-content\/uploads\/2023\/09\/import-export-64x80.jpg 64w\" sizes=\"auto, (max-width: 520px) 100vw, 520px\" \/>\t\t\t\t\t\t\t\t\t\t\t\t\t\t\t<\/div>\n\t\t\t\t<\/div>\n\t\t\t\t\t<\/div>\n\t\t<\/div>\n\t\t\t\t<div class=\"elementor-column elementor-col-50 elementor-top-column elementor-element elementor-element-b4fcd24\" data-id=\"b4fcd24\" data-element_type=\"column\">\n\t\t\t<div class=\"elementor-widget-wrap elementor-element-populated\">\n\t\t\t\t\t\t\t\t<section class=\"elementor-section elementor-inner-section elementor-element elementor-element-cfe0813 elementor-section-boxed elementor-section-height-default elementor-section-height-default\" data-id=\"cfe0813\" data-element_type=\"section\">\n\t\t\t\t\t\t<div class=\"elementor-container elementor-column-gap-default\">\n\t\t\t\t\t<div class=\"elementor-column elementor-col-100 elementor-inner-column elementor-element elementor-element-68851f3\" data-id=\"68851f3\" data-element_type=\"column\">\n\t\t\t<div class=\"elementor-widget-wrap elementor-element-populated\">\n\t\t\t\t\t\t\t\t<div class=\"elementor-element elementor-element-00d577b elementor-widget elementor-widget-section-head\" data-id=\"00d577b\" data-element_type=\"widget\" data-widget_type=\"section-head.default\">\n\t\t\t\t<div class=\"elementor-widget-container\">\n\t\t\t\t\t<div class=\"section-title \">\r\n\t\t\t            <span class=\"line wow none\" data-wow-delay=\"0.2s\">SerCargo Corporation<\/span>\r\n                        <h2>\r\n            \t            \t<span class=\"tl1\" >Importaci\u00f3n y Exportaci\u00f3n<\/span>\r\n            \t            <\/h2>\r\n                  <\/div>\r\n\t\t\t<\/div>\n\t\t\t\t<\/div>\n\t\t\t\t\t<\/div>\n\t\t<\/div>\n\t\t\t\t\t\t\t<\/div>\n\t\t<\/section>\n\t\t\t\t<section class=\"elementor-section elementor-inner-section elementor-element elementor-element-c9986eb elementor-section-boxed elementor-section-height-default elementor-section-height-default\" data-id=\"c9986eb\" data-element_type=\"section\">\n\t\t\t\t\t\t<div class=\"elementor-container elementor-column-gap-default\">\n\t\t\t\t\t<div class=\"elementor-column elementor-col-100 elementor-inner-column elementor-element elementor-element-c32a760\" data-id=\"c32a760\" data-element_type=\"column\">\n\t\t\t<div class=\"elementor-widget-wrap elementor-element-populated\">\n\t\t\t\t\t\t\t\t<div class=\"elementor-element elementor-element-55e3085 elementor-widget elementor-widget-single-icon-item\" data-id=\"55e3085\" data-element_type=\"widget\" data-widget_type=\"single-icon-item.default\">\n\t\t\t\t<div class=\"elementor-widget-container\">\n\t\t\t\r\n      \t<div class=\"single-about-box text-left\">\r\n            <div class=\"about-box-icon\">\r\n               \t         \t\t<i class=\"ifs-icon fal fa-cogs\"><\/i>\r\n\t         \t            <\/div>\r\n            <div class=\"about-box-content typography_style\">\r\n               \t         \t<h4 >Importaci\u00f3n y Exportaci\u00f3n de Carga<\/h4>\r\n\t         \t               <p >En SerCargo Corporation ofrecemos una amplia gama de servicios de importaci\u00f3n y exportaci\u00f3n seg\u00fan tus requerimientos, tanto comerciales para tu negocio como personales. Nuestro objetivo es ayudarte a expandir tus operaciones internacionales de manera eficiente y confiable, conectando al mundo con nuestra log\u00edstica.\n\nNuestros servicios de importaci\u00f3n y exportaci\u00f3n es de cobertura global, brindando a nuestros clientes acceso a nuevos mercados y oportunidades de negocio. Ya sea que desees importar o exportar productos f\u00edsicos, como bienes de consumo, materiales industriales, repuestos o productos especializados, estamos preparados para satisfacer tus necesidades.<\/p>\r\n            <\/div>\r\n            <div class=\"watermark-icon\">\r\n           \t \t         \t\t<i class=\"about-hover-icon ifs-icon fal fa-cogs\"><\/i>\r\n\t         \t            <\/div>\r\n         <\/div>\r\n\r\n\t\t\t\t<\/div>\n\t\t\t\t<\/div>\n\t\t\t\t\t<\/div>\n\t\t<\/div>\n\t\t\t\t\t\t\t<\/div>\n\t\t<\/section>\n\t\t\t\t\t<\/div>\n\t\t<\/div>\n\t\t\t\t\t\t\t<\/div>\n\t\t<\/section>\n\t\t\t\t<section class=\"elementor-section elementor-top-section elementor-element elementor-element-f113139 elementor-section-boxed elementor-section-height-default elementor-section-height-default\" data-id=\"f113139\" data-element_type=\"section\" data-settings=\"{&quot;background_background&quot;:&quot;classic&quot;}\">\n\t\t\t\t\t\t\t<div class=\"elementor-background-overlay\"><\/div>\n\t\t\t\t\t\t\t<div class=\"elementor-container elementor-column-gap-default\">\n\t\t\t\t\t<div class=\"elementor-column elementor-col-50 elementor-top-column elementor-element elementor-element-2fc8d91\" data-id=\"2fc8d91\" data-element_type=\"column\">\n\t\t\t<div class=\"elementor-widget-wrap elementor-element-populated\">\n\t\t\t\t\t\t\t\t<section class=\"elementor-section elementor-inner-section elementor-element elementor-element-db94be0 elementor-section-boxed elementor-section-height-default elementor-section-height-default\" data-id=\"db94be0\" data-element_type=\"section\">\n\t\t\t\t\t\t<div class=\"elementor-container elementor-column-gap-default\">\n\t\t\t\t\t<div class=\"elementor-column elementor-col-100 elementor-inner-column elementor-element elementor-element-5a5a575 elementor-invisible\" data-id=\"5a5a575\" data-element_type=\"column\" data-settings=\"{&quot;animation&quot;:&quot;bounceIn&quot;}\">\n\t\t\t<div class=\"elementor-widget-wrap elementor-element-populated\">\n\t\t\t\t\t\t\t\t<div class=\"elementor-element elementor-element-165bdb2 elementor-widget elementor-widget-section-head\" data-id=\"165bdb2\" data-element_type=\"widget\" data-widget_type=\"section-head.default\">\n\t\t\t\t<div class=\"elementor-widget-container\">\n\t\t\t\t\t<div class=\"section-title \">\r\n\t\t\t            <span class=\"line wow \">Contacto<\/span>\r\n                        <h2>\r\n            \t            \t<span class=\"tl1\" >Soluciones Log\u00edsticas Personalizadas<\/span>\r\n            \t            \t<span class=\"tl2\" >Servicios Corporativos<\/span>\r\n            \t            <\/h2>\r\n                  <\/div>\r\n\t\t\t<\/div>\n\t\t\t\t<\/div>\n\t\t\t\t\t<\/div>\n\t\t<\/div>\n\t\t\t\t\t\t\t<\/div>\n\t\t<\/section>\n\t\t\t\t<div class=\"elementor-element elementor-element-6256b45 elementor-widget elementor-widget-spacer\" data-id=\"6256b45\" data-element_type=\"widget\" data-widget_type=\"spacer.default\">\n\t\t\t\t<div class=\"elementor-widget-container\">\n\t\t\t<style>\/*! elementor - v3.14.0 - 26-06-2023 *\/\n.elementor-column .elementor-spacer-inner{height:var(--spacer-size)}.e-con{--container-widget-width:100%}.e-con-inner>.elementor-widget-spacer,.e-con>.elementor-widget-spacer{width:var(--container-widget-width,var(--spacer-size));--align-self:var(--container-widget-align-self,initial);--flex-shrink:0}.e-con-inner>.elementor-widget-spacer>.elementor-widget-container,.e-con-inner>.elementor-widget-spacer>.elementor-widget-container>.elementor-spacer,.e-con>.elementor-widget-spacer>.elementor-widget-container,.e-con>.elementor-widget-spacer>.elementor-widget-container>.elementor-spacer{height:100%}.e-con-inner>.elementor-widget-spacer>.elementor-widget-container>.elementor-spacer>.elementor-spacer-inner,.e-con>.elementor-widget-spacer>.elementor-widget-container>.elementor-spacer>.elementor-spacer-inner{height:var(--container-widget-height,var(--spacer-size))}<\/style>\t\t<div class=\"elementor-spacer\">\n\t\t\t<div class=\"elementor-spacer-inner\"><\/div>\n\t\t<\/div>\n\t\t\t\t<\/div>\n\t\t\t\t<\/div>\n\t\t\t\t\t<\/div>\n\t\t<\/div>\n\t\t\t\t<div class=\"elementor-column elementor-col-50 elementor-top-column elementor-element elementor-element-613af42\" data-id=\"613af42\" data-element_type=\"column\">\n\t\t\t<div class=\"elementor-widget-wrap elementor-element-populated\">\n\t\t\t\t\t\t\t\t<div class=\"elementor-element elementor-element-0ef7561 elementor-widget__width-auto elementor-invisible elementor-widget elementor-widget-geoport-button\" data-id=\"0ef7561\" data-element_type=\"widget\" data-settings=\"{&quot;_animation&quot;:&quot;bounceInRight&quot;}\" data-widget_type=\"geoport-button.default\">\n\t\t\t\t<div class=\"elementor-widget-container\">\n\t\t\t\t\t<div class=\"geoport-button-wrapper\">\r\n\t\t<a href=\"https:\/\/sercargologistics.com\/corporation\/contacto\/\" target=\"_blank\" rel=\"nofollow\" class=\"geoport-btn btn\"><i class=\"ifs-icon fal fa-angle-right\">\r\n\t\t\t<\/i>Contactar<\/a>\t\t<\/div>\r\n\t\t\t<\/div>\n\t\t\t\t<\/div>\n\t\t\t\t\t<\/div>\n\t\t<\/div>\n\t\t\t\t\t\t\t<\/div>\n\t\t<\/section>\n\t\t\t\t\t\t\t<\/div>\n\t\t","protected":false},"excerpt":{"rendered":"<p>SerCargo Corporation Importaci\u00f3n y Exportaci\u00f3n Importaci\u00f3n y Exportaci\u00f3n de Carga En SerCargo Corporation ofrecemos una amplia gama de servicios de importaci\u00f3n y exportaci\u00f3n seg\u00fan tus requerimientos, tanto comerciales para tu negocio como personales. Nuestro objetivo es ayudarte a expandir tus operaciones internacionales de manera eficiente y confiable, conectando al mundo con nuestra log\u00edstica. Nuestros servicios [&hellip;]<\/p>\n","protected":false},"author":1,"featured_media":0,"parent":0,"menu_order":0,"comment_status":"closed","ping_status":"closed","template":"page-template\/blank-page-sidebar.php","meta":{"_monsterinsights_skip_tracking":false,"_monsterinsights_sitenote_active":false,"_monsterinsights_sitenote_note":"","_monsterinsights_sitenote_category":0,"footnotes":""},"class_list":["post-3505","page","type-page","status-publish","hentry"],"aioseo_notices":[],"_links":{"self":[{"href":"https:\/\/sercargologistics.com\/corporation\/wp-json\/wp\/v2\/pages\/3505","targetHints":{"allow":["GET"]}}],"collection":[{"href":"https:\/\/sercargologistics.com\/corporation\/wp-json\/wp\/v2\/pages"}],"about":[{"href":"https:\/\/sercargologistics.com\/corporation\/wp-json\/wp\/v2\/types\/page"}],"author":[{"embeddable":true,"href":"https:\/\/sercargologistics.com\/corporation\/wp-json\/wp\/v2\/users\/1"}],"replies":[{"embeddable":true,"href":"https:\/\/sercargologistics.com\/corporation\/wp-json\/wp\/v2\/comments?post=3505"}],"version-history":[{"count":12,"href":"https:\/\/sercargologistics.com\/corporation\/wp-json\/wp\/v2\/pages\/3505\/revisions"}],"predecessor-version":[{"id":3610,"href":"https:\/\/sercargologistics.com\/corporation\/wp-json\/wp\/v2\/pages\/3505\/revisions\/3610"}],"wp:attachment":[{"href":"https:\/\/sercargologistics.com\/corporation\/wp-json\/wp\/v2\/media?parent=3505"}],"curies":[{"name":"wp","href":"https:\/\/api.w.org\/{rel}","templated":true}]}}