{"id":3499,"date":"2023-09-26T04:01:41","date_gmt":"2023-09-26T04:01:41","guid":{"rendered":"https:\/\/sercargologistics.com\/corporation\/?page_id=3499"},"modified":"2025-04-11T17:01:30","modified_gmt":"2025-04-11T17:01:30","slug":"carga-maritima","status":"publish","type":"page","link":"https:\/\/sercargologistics.com\/corporation\/carga-maritima\/","title":{"rendered":"Carga Mar\u00edtima"},"content":{"rendered":"\t\t<div data-elementor-type=\"wp-page\" data-elementor-id=\"3499\" class=\"elementor elementor-3499\">\n\t\t\t\t\t\t\t\t\t<section class=\"elementor-section elementor-top-section elementor-element elementor-element-26e8d99 elementor-section-boxed elementor-section-height-default elementor-section-height-default\" data-id=\"26e8d99\" data-element_type=\"section\" data-settings=\"{&quot;background_background&quot;:&quot;classic&quot;}\">\n\t\t\t\t\t\t<div class=\"elementor-container elementor-column-gap-default\">\n\t\t\t\t\t<div class=\"elementor-column elementor-col-50 elementor-top-column elementor-element elementor-element-b7829ff\" data-id=\"b7829ff\" data-element_type=\"column\">\n\t\t\t<div class=\"elementor-widget-wrap elementor-element-populated\">\n\t\t\t\t\t\t\t\t<div class=\"elementor-element elementor-element-ba2bd0e reset-max-width about-page-counter elementor-widget elementor-widget-image\" data-id=\"ba2bd0e\" data-element_type=\"widget\" data-widget_type=\"image.default\">\n\t\t\t\t<div class=\"elementor-widget-container\">\n\t\t\t<style>\/*! elementor - v3.14.0 - 26-06-2023 *\/\n.elementor-widget-image{text-align:center}.elementor-widget-image a{display:inline-block}.elementor-widget-image a img[src$=\".svg\"]{width:48px}.elementor-widget-image img{vertical-align:middle;display:inline-block}<\/style>\t\t\t\t\t\t\t\t\t\t\t\t<img loading=\"lazy\" decoding=\"async\" width=\"520\" height=\"650\" src=\"https:\/\/sercargologistics.com\/corporation\/wp-content\/uploads\/2023\/09\/maritimo2.jpg\" class=\"attachment-full size-full wp-image-3500\" alt=\"\" srcset=\"https:\/\/sercargologistics.com\/corporation\/wp-content\/uploads\/2023\/09\/maritimo2.jpg 520w, https:\/\/sercargologistics.com\/corporation\/wp-content\/uploads\/2023\/09\/maritimo2-240x300.jpg 240w, https:\/\/sercargologistics.com\/corporation\/wp-content\/uploads\/2023\/09\/maritimo2-64x80.jpg 64w\" sizes=\"auto, (max-width: 520px) 100vw, 520px\" \/>\t\t\t\t\t\t\t\t\t\t\t\t\t\t\t<\/div>\n\t\t\t\t<\/div>\n\t\t\t\t\t<\/div>\n\t\t<\/div>\n\t\t\t\t<div class=\"elementor-column elementor-col-50 elementor-top-column elementor-element elementor-element-b4fcd24\" data-id=\"b4fcd24\" data-element_type=\"column\">\n\t\t\t<div class=\"elementor-widget-wrap elementor-element-populated\">\n\t\t\t\t\t\t\t\t<section class=\"elementor-section elementor-inner-section elementor-element elementor-element-cfe0813 elementor-section-boxed elementor-section-height-default elementor-section-height-default\" data-id=\"cfe0813\" data-element_type=\"section\">\n\t\t\t\t\t\t<div class=\"elementor-container elementor-column-gap-default\">\n\t\t\t\t\t<div class=\"elementor-column elementor-col-100 elementor-inner-column elementor-element elementor-element-68851f3\" data-id=\"68851f3\" data-element_type=\"column\">\n\t\t\t<div class=\"elementor-widget-wrap elementor-element-populated\">\n\t\t\t\t\t\t\t\t<div class=\"elementor-element elementor-element-00d577b elementor-widget elementor-widget-section-head\" data-id=\"00d577b\" data-element_type=\"widget\" data-widget_type=\"section-head.default\">\n\t\t\t\t<div class=\"elementor-widget-container\">\n\t\t\t\t\t<div class=\"section-title \">\r\n\t\t\t            <span class=\"line wow none\" data-wow-delay=\"0.2s\">SerCargo Corporation<\/span>\r\n                        <h2>\r\n            \t            \t<span class=\"tl1\" >Carga Mar\u00edtima<\/span>\r\n            \t            <\/h2>\r\n                  <\/div>\r\n\t\t\t<\/div>\n\t\t\t\t<\/div>\n\t\t\t\t<div class=\"elementor-element elementor-element-fce3c11 elementor-widget elementor-widget-heading\" data-id=\"fce3c11\" data-element_type=\"widget\" data-widget_type=\"heading.default\">\n\t\t\t\t<div class=\"elementor-widget-container\">\n\t\t\t<style>\/*! elementor - v3.14.0 - 26-06-2023 *\/\n.elementor-heading-title{padding:0;margin:0;line-height:1}.elementor-widget-heading .elementor-heading-title[class*=elementor-size-]>a{color:inherit;font-size:inherit;line-height:inherit}.elementor-widget-heading .elementor-heading-title.elementor-size-small{font-size:15px}.elementor-widget-heading .elementor-heading-title.elementor-size-medium{font-size:19px}.elementor-widget-heading .elementor-heading-title.elementor-size-large{font-size:29px}.elementor-widget-heading .elementor-heading-title.elementor-size-xl{font-size:39px}.elementor-widget-heading .elementor-heading-title.elementor-size-xxl{font-size:59px}<\/style><p class=\"elementor-heading-title elementor-size-default\">Somos l\u00edderes en servicios log\u00edsticos para el env\u00edo de carga Mar\u00edtima.<\/p>\t\t<\/div>\n\t\t\t\t<\/div>\n\t\t\t\t\t<\/div>\n\t\t<\/div>\n\t\t\t\t\t\t\t<\/div>\n\t\t<\/section>\n\t\t\t\t<section class=\"elementor-section elementor-inner-section elementor-element elementor-element-c9986eb elementor-section-boxed elementor-section-height-default elementor-section-height-default\" data-id=\"c9986eb\" data-element_type=\"section\">\n\t\t\t\t\t\t<div class=\"elementor-container elementor-column-gap-default\">\n\t\t\t\t\t<div class=\"elementor-column elementor-col-50 elementor-inner-column elementor-element elementor-element-c32a760\" data-id=\"c32a760\" data-element_type=\"column\">\n\t\t\t<div class=\"elementor-widget-wrap elementor-element-populated\">\n\t\t\t\t\t\t\t\t<div class=\"elementor-element elementor-element-55e3085 elementor-widget elementor-widget-single-icon-item\" data-id=\"55e3085\" data-element_type=\"widget\" data-widget_type=\"single-icon-item.default\">\n\t\t\t\t<div class=\"elementor-widget-container\">\n\t\t\t\r\n      \t<div class=\"single-about-box text-left\">\r\n            <div class=\"about-box-icon\">\r\n               \t         \t\t<i class=\"ifs-icon fal fa-cogs\"><\/i>\r\n\t         \t            <\/div>\r\n            <div class=\"about-box-content typography_style\">\r\n               \t         \t<h4 >LCL (Consolidados Mar\u00edtimos):<\/h4>\r\n\t         \t               <p >Servicio disponible de carga consolidada LCL para el transporte de su mercanc\u00eda desde cualquier parte del mundo.\n\nPuede Cotizar este servicio, desde cualquier lugar, sin restricciones.<\/p>\r\n            <\/div>\r\n            <div class=\"watermark-icon\">\r\n           \t \t         \t\t<i class=\"about-hover-icon ifs-icon fal fa-cogs\"><\/i>\r\n\t         \t            <\/div>\r\n         <\/div>\r\n\r\n\t\t\t\t<\/div>\n\t\t\t\t<\/div>\n\t\t\t\t\t<\/div>\n\t\t<\/div>\n\t\t\t\t<div class=\"elementor-column elementor-col-50 elementor-inner-column elementor-element elementor-element-886fab9\" data-id=\"886fab9\" data-element_type=\"column\">\n\t\t\t<div class=\"elementor-widget-wrap elementor-element-populated\">\n\t\t\t\t\t\t\t\t<div class=\"elementor-element elementor-element-a258a6a elementor-widget elementor-widget-single-icon-item\" data-id=\"a258a6a\" data-element_type=\"widget\" data-widget_type=\"single-icon-item.default\">\n\t\t\t\t<div class=\"elementor-widget-container\">\n\t\t\t\r\n      \t<div class=\"single-about-box text-left\">\r\n            <div class=\"about-box-icon\">\r\n               \t         \t\t<i class=\"ifs-icon fal fa-cogs\"><\/i>\r\n\t         \t            <\/div>\r\n            <div class=\"about-box-content typography_style\">\r\n               \t         \t<h4 >FCL (Contenedores Completos):<\/h4>\r\n\t         \t               <p >Servicio disponible para importaci\u00f3n desde y hacia cualquier parte del mundo. Contenedores de 20\u2019, 40\u2019 45\u2019 Secos y\nrefrigerados, plataformas abiertas, etc. Transporte de mercanc\u00eda refrigerada y peligrosa.<\/p>\r\n            <\/div>\r\n            <div class=\"watermark-icon\">\r\n           \t \t         \t\t<i class=\"about-hover-icon ifs-icon fal fa-cogs\"><\/i>\r\n\t         \t            <\/div>\r\n         <\/div>\r\n\r\n\t\t\t\t<\/div>\n\t\t\t\t<\/div>\n\t\t\t\t\t<\/div>\n\t\t<\/div>\n\t\t\t\t\t\t\t<\/div>\n\t\t<\/section>\n\t\t\t\t\t<\/div>\n\t\t<\/div>\n\t\t\t\t\t\t\t<\/div>\n\t\t<\/section>\n\t\t\t\t<section class=\"elementor-section elementor-top-section elementor-element elementor-element-38ef9fe elementor-section-boxed elementor-section-height-default elementor-section-height-default\" data-id=\"38ef9fe\" data-element_type=\"section\" data-settings=\"{&quot;background_background&quot;:&quot;classic&quot;}\">\n\t\t\t\t\t\t\t<div class=\"elementor-background-overlay\"><\/div>\n\t\t\t\t\t\t\t<div class=\"elementor-container elementor-column-gap-default\">\n\t\t\t\t\t<div class=\"elementor-column elementor-col-50 elementor-top-column elementor-element elementor-element-aac9b83\" data-id=\"aac9b83\" data-element_type=\"column\">\n\t\t\t<div class=\"elementor-widget-wrap elementor-element-populated\">\n\t\t\t\t\t\t\t\t<section class=\"elementor-section elementor-inner-section elementor-element elementor-element-092bfb3 elementor-section-boxed elementor-section-height-default elementor-section-height-default\" data-id=\"092bfb3\" data-element_type=\"section\">\n\t\t\t\t\t\t<div class=\"elementor-container elementor-column-gap-default\">\n\t\t\t\t\t<div class=\"elementor-column elementor-col-100 elementor-inner-column elementor-element elementor-element-8ced5c5 elementor-invisible\" data-id=\"8ced5c5\" data-element_type=\"column\" data-settings=\"{&quot;animation&quot;:&quot;bounceIn&quot;}\">\n\t\t\t<div class=\"elementor-widget-wrap elementor-element-populated\">\n\t\t\t\t\t\t\t\t<div class=\"elementor-element elementor-element-2643bf4 elementor-widget elementor-widget-section-head\" data-id=\"2643bf4\" data-element_type=\"widget\" data-widget_type=\"section-head.default\">\n\t\t\t\t<div class=\"elementor-widget-container\">\n\t\t\t\t\t<div class=\"section-title \">\r\n\t\t\t            <span class=\"line wow \">Contacto<\/span>\r\n                        <h2>\r\n            \t            \t<span class=\"tl1\" >Soluciones Log\u00edsticas Personalizadas<\/span>\r\n            \t            \t<span class=\"tl2\" >Servicios Corporativos<\/span>\r\n            \t            <\/h2>\r\n                  <\/div>\r\n\t\t\t<\/div>\n\t\t\t\t<\/div>\n\t\t\t\t\t<\/div>\n\t\t<\/div>\n\t\t\t\t\t\t\t<\/div>\n\t\t<\/section>\n\t\t\t\t<div class=\"elementor-element elementor-element-a3c5441 elementor-widget elementor-widget-spacer\" data-id=\"a3c5441\" data-element_type=\"widget\" data-widget_type=\"spacer.default\">\n\t\t\t\t<div class=\"elementor-widget-container\">\n\t\t\t<style>\/*! elementor - v3.14.0 - 26-06-2023 *\/\n.elementor-column .elementor-spacer-inner{height:var(--spacer-size)}.e-con{--container-widget-width:100%}.e-con-inner>.elementor-widget-spacer,.e-con>.elementor-widget-spacer{width:var(--container-widget-width,var(--spacer-size));--align-self:var(--container-widget-align-self,initial);--flex-shrink:0}.e-con-inner>.elementor-widget-spacer>.elementor-widget-container,.e-con-inner>.elementor-widget-spacer>.elementor-widget-container>.elementor-spacer,.e-con>.elementor-widget-spacer>.elementor-widget-container,.e-con>.elementor-widget-spacer>.elementor-widget-container>.elementor-spacer{height:100%}.e-con-inner>.elementor-widget-spacer>.elementor-widget-container>.elementor-spacer>.elementor-spacer-inner,.e-con>.elementor-widget-spacer>.elementor-widget-container>.elementor-spacer>.elementor-spacer-inner{height:var(--container-widget-height,var(--spacer-size))}<\/style>\t\t<div class=\"elementor-spacer\">\n\t\t\t<div class=\"elementor-spacer-inner\"><\/div>\n\t\t<\/div>\n\t\t\t\t<\/div>\n\t\t\t\t<\/div>\n\t\t\t\t\t<\/div>\n\t\t<\/div>\n\t\t\t\t<div class=\"elementor-column elementor-col-50 elementor-top-column elementor-element elementor-element-88af161\" data-id=\"88af161\" data-element_type=\"column\">\n\t\t\t<div class=\"elementor-widget-wrap elementor-element-populated\">\n\t\t\t\t\t\t\t\t<div class=\"elementor-element elementor-element-8c0adf4 elementor-widget__width-auto elementor-invisible elementor-widget elementor-widget-geoport-button\" data-id=\"8c0adf4\" data-element_type=\"widget\" data-settings=\"{&quot;_animation&quot;:&quot;bounceInRight&quot;}\" data-widget_type=\"geoport-button.default\">\n\t\t\t\t<div class=\"elementor-widget-container\">\n\t\t\t\t\t<div class=\"geoport-button-wrapper\">\r\n\t\t<a href=\"https:\/\/sercargologistics.com\/corporation\/contacto\/\" target=\"_blank\" rel=\"nofollow\" class=\"geoport-btn btn\"><i class=\"ifs-icon fal fa-angle-right\">\r\n\t\t\t<\/i>Contactar<\/a>\t\t<\/div>\r\n\t\t\t<\/div>\n\t\t\t\t<\/div>\n\t\t\t\t\t<\/div>\n\t\t<\/div>\n\t\t\t\t\t\t\t<\/div>\n\t\t<\/section>\n\t\t\t\t\t\t\t<\/div>\n\t\t","protected":false},"excerpt":{"rendered":"<p>SerCargo Corporation Carga Mar\u00edtima Somos l\u00edderes en servicios log\u00edsticos para el env\u00edo de carga Mar\u00edtima. LCL (Consolidados Mar\u00edtimos): Servicio disponible de carga consolidada LCL para el transporte de su mercanc\u00eda desde cualquier parte del mundo. Puede Cotizar este servicio, desde cualquier lugar, sin restricciones. FCL (Contenedores Completos): Servicio disponible para importaci\u00f3n desde y hacia cualquier [&hellip;]<\/p>\n","protected":false},"author":1,"featured_media":0,"parent":0,"menu_order":0,"comment_status":"closed","ping_status":"closed","template":"page-template\/blank-page-sidebar.php","meta":{"_monsterinsights_skip_tracking":false,"_monsterinsights_sitenote_active":false,"_monsterinsights_sitenote_note":"","_monsterinsights_sitenote_category":0,"footnotes":""},"class_list":["post-3499","page","type-page","status-publish","hentry"],"aioseo_notices":[],"_links":{"self":[{"href":"https:\/\/sercargologistics.com\/corporation\/wp-json\/wp\/v2\/pages\/3499","targetHints":{"allow":["GET"]}}],"collection":[{"href":"https:\/\/sercargologistics.com\/corporation\/wp-json\/wp\/v2\/pages"}],"about":[{"href":"https:\/\/sercargologistics.com\/corporation\/wp-json\/wp\/v2\/types\/page"}],"author":[{"embeddable":true,"href":"https:\/\/sercargologistics.com\/corporation\/wp-json\/wp\/v2\/users\/1"}],"replies":[{"embeddable":true,"href":"https:\/\/sercargologistics.com\/corporation\/wp-json\/wp\/v2\/comments?post=3499"}],"version-history":[{"count":9,"href":"https:\/\/sercargologistics.com\/corporation\/wp-json\/wp\/v2\/pages\/3499\/revisions"}],"predecessor-version":[{"id":3622,"href":"https:\/\/sercargologistics.com\/corporation\/wp-json\/wp\/v2\/pages\/3499\/revisions\/3622"}],"wp:attachment":[{"href":"https:\/\/sercargologistics.com\/corporation\/wp-json\/wp\/v2\/media?parent=3499"}],"curies":[{"name":"wp","href":"https:\/\/api.w.org\/{rel}","templated":true}]}}