{"id":3476,"date":"2023-08-04T15:32:54","date_gmt":"2023-08-04T15:32:54","guid":{"rendered":"https:\/\/sercargologistics.com\/corporation\/?page_id=3476"},"modified":"2025-04-23T21:48:23","modified_gmt":"2025-04-23T21:48:23","slug":"certificaciones","status":"publish","type":"page","link":"https:\/\/sercargologistics.com\/corporation\/certificaciones\/","title":{"rendered":"Certificaciones"},"content":{"rendered":"\t\t<div data-elementor-type=\"wp-page\" data-elementor-id=\"3476\" class=\"elementor elementor-3476\">\n\t\t\t\t\t\t\t\t\t<section class=\"elementor-section elementor-top-section elementor-element elementor-element-dadb600 elementor-section-full_width elementor-section-height-default elementor-section-height-default\" data-id=\"dadb600\" data-element_type=\"section\" data-settings=\"{&quot;background_background&quot;:&quot;classic&quot;}\">\n\t\t\t\t\t\t<div class=\"elementor-container elementor-column-gap-default\">\n\t\t\t\t\t<div class=\"elementor-column elementor-col-100 elementor-top-column elementor-element elementor-element-27fa391\" data-id=\"27fa391\" data-element_type=\"column\">\n\t\t\t<div class=\"elementor-widget-wrap elementor-element-populated\">\n\t\t\t\t\t\t\t\t<div class=\"elementor-element elementor-element-f19c359 elementor-invisible elementor-widget elementor-widget-section-head\" data-id=\"f19c359\" data-element_type=\"widget\" data-settings=\"{&quot;_animation&quot;:&quot;bounceIn&quot;}\" data-widget_type=\"section-head.default\">\n\t\t\t\t<div class=\"elementor-widget-container\">\n\t\t\t\t\t<div class=\"section-title s-section-title\">\r\n\t\t\t            <span class=\"line wow \">Certificaciones Internacionales<\/span>\r\n                        <h2>\r\n            \t            \t<span class=\"tl1\" >Servicios Log\u00edsticos Certificados<\/span>\r\n            \t            <\/h2>\r\n                        <h2 class=\"bg-title\">Certificaciones Internacionales<\/h2>\r\n        \t      <\/div>\r\n\t\t\t<\/div>\n\t\t\t\t<\/div>\n\t\t\t\t<section class=\"elementor-section elementor-inner-section elementor-element elementor-element-3673e9a elementor-section-boxed elementor-section-height-default elementor-section-height-default\" data-id=\"3673e9a\" data-element_type=\"section\">\n\t\t\t\t\t\t<div class=\"elementor-container elementor-column-gap-default\">\n\t\t\t\t\t<div class=\"elementor-column elementor-col-25 elementor-inner-column elementor-element elementor-element-60469fc\" data-id=\"60469fc\" data-element_type=\"column\">\n\t\t\t<div class=\"elementor-widget-wrap elementor-element-populated\">\n\t\t\t\t\t\t\t\t<div class=\"elementor-element elementor-element-64e70b8 elementor-invisible elementor-widget elementor-widget-single-icon-item\" data-id=\"64e70b8\" data-element_type=\"widget\" data-settings=\"{&quot;_animation&quot;:&quot;bounceInLeft&quot;}\" data-widget_type=\"single-icon-item.default\">\n\t\t\t\t<div class=\"elementor-widget-container\">\n\t\t\t\t\t\r\n\t\t<div class=\"single-services text-center\">\r\n         <div class=\"services-icon\">\r\n                         \t<img decoding=\"async\" src=\"http:\/\/dasaproducciones.com\/web\/mcb\/wp-content\/uploads\/2023\/08\/logo-bonded-MCB.webp\" alt=\"img\">\r\n         \t         <\/div>\r\n         <div class=\"services-content typography_style\">\r\n                        <h4 >\r\n            \t<a href=\"#\" target=\"_self\" rel=\"nofollow\" class=\"icon-box-btn\">Bonded Warehouse<\/a>            <\/h4>\r\n         \t            <p >Contamos con almacenes autorizados por las autoridades aduanales para almacenar bienes.<\/p>\r\n         <\/div>\r\n      <\/div>\r\n\r\n\t\t\t\t<\/div>\n\t\t\t\t<\/div>\n\t\t\t\t\t<\/div>\n\t\t<\/div>\n\t\t\t\t<div class=\"elementor-column elementor-col-25 elementor-inner-column elementor-element elementor-element-a2941ba\" data-id=\"a2941ba\" data-element_type=\"column\">\n\t\t\t<div class=\"elementor-widget-wrap elementor-element-populated\">\n\t\t\t\t\t\t\t\t<div class=\"elementor-element elementor-element-6173546 elementor-invisible elementor-widget elementor-widget-single-icon-item\" data-id=\"6173546\" data-element_type=\"widget\" data-settings=\"{&quot;_animation&quot;:&quot;bounceInUp&quot;}\" data-widget_type=\"single-icon-item.default\">\n\t\t\t\t<div class=\"elementor-widget-container\">\n\t\t\t\t\t\r\n\t\t<div class=\"single-services text-center\">\r\n         <div class=\"services-icon\">\r\n                         \t<img decoding=\"async\" src=\"http:\/\/dasaproducciones.com\/web\/mcb\/wp-content\/uploads\/2023\/08\/logo-fha.png\" alt=\"img\">\r\n         \t         <\/div>\r\n         <div class=\"services-content typography_style\">\r\n                        <h4 >\r\n            \t<a href=\"#\" target=\"_self\" rel=\"nofollow\" class=\"icon-box-btn\">Federal Highway Administration<\/a>            <\/h4>\r\n         \t            <p >Acredita que un veh\u00edculo de autotransporte cumple con las normas de seguridad y condiciones f\u00edsico mec\u00e1nicas para transitar en los caminos y puentes de jurisdicci\u00f3n federal en Estados Unidos.<\/p>\r\n         <\/div>\r\n      <\/div>\r\n\r\n\t\t\t\t<\/div>\n\t\t\t\t<\/div>\n\t\t\t\t\t<\/div>\n\t\t<\/div>\n\t\t\t\t<div class=\"elementor-column elementor-col-25 elementor-inner-column elementor-element elementor-element-c529d32\" data-id=\"c529d32\" data-element_type=\"column\">\n\t\t\t<div class=\"elementor-widget-wrap elementor-element-populated\">\n\t\t\t\t\t\t\t\t<div class=\"elementor-element elementor-element-8357f44 elementor-invisible elementor-widget elementor-widget-single-icon-item\" data-id=\"8357f44\" data-element_type=\"widget\" data-settings=\"{&quot;_animation&quot;:&quot;bounceIn&quot;}\" data-widget_type=\"single-icon-item.default\">\n\t\t\t\t<div class=\"elementor-widget-container\">\n\t\t\t\t\t\r\n\t\t<div class=\"single-services text-center\">\r\n         <div class=\"services-icon\">\r\n                         \t<img decoding=\"async\" src=\"http:\/\/dasaproducciones.com\/web\/mcb\/wp-content\/uploads\/2023\/08\/logo-nvocc.png\" alt=\"img\">\r\n         \t         <\/div>\r\n         <div class=\"services-content typography_style\">\r\n                        <h4 >\r\n            \t<a href=\"#\" target=\"_self\" rel=\"nofollow\" class=\"icon-box-btn\">NVOCC<\/a>            <\/h4>\r\n         \t            <p >Es un operador de transporte mar\u00edtimo que no posee ni opera buques, pero que ofrece servicios similares a los de una l\u00ednea naviera, como la reserva de espacio, la emisi\u00f3n de conocimientos de embarque y la gesti\u00f3n de la carga<\/p>\r\n         <\/div>\r\n      <\/div>\r\n\r\n\t\t\t\t<\/div>\n\t\t\t\t<\/div>\n\t\t\t\t\t<\/div>\n\t\t<\/div>\n\t\t\t\t<div class=\"elementor-column elementor-col-25 elementor-inner-column elementor-element elementor-element-c0d8492\" data-id=\"c0d8492\" data-element_type=\"column\">\n\t\t\t<div class=\"elementor-widget-wrap elementor-element-populated\">\n\t\t\t\t\t\t\t\t<div class=\"elementor-element elementor-element-dac13c8 elementor-invisible elementor-widget elementor-widget-single-icon-item\" data-id=\"dac13c8\" data-element_type=\"widget\" data-settings=\"{&quot;_animation&quot;:&quot;bounceInRight&quot;}\" data-widget_type=\"single-icon-item.default\">\n\t\t\t\t<div class=\"elementor-widget-container\">\n\t\t\t\t\t\r\n\t\t<div class=\"single-services text-center\">\r\n         <div class=\"services-icon\">\r\n                         \t<img decoding=\"async\" src=\"http:\/\/dasaproducciones.com\/web\/mcb\/wp-content\/uploads\/2023\/08\/logo-sk-logistic.png\" alt=\"img\">\r\n         \t         <\/div>\r\n         <div class=\"services-content typography_style\">\r\n                        <h4 >\r\n            \t<a href=\"#\" target=\"_self\" rel=\"nofollow\" class=\"icon-box-btn\">SK Transport Logistics<\/a>            <\/h4>\r\n         \t            <p >Servicio certificado de transporte de carga dentro de los Estados Unidos, lo que asegura que el transporte de su carga cumpla con todos los requisimos legales solicitados.<\/p>\r\n         <\/div>\r\n      <\/div>\r\n\r\n\t\t\t\t<\/div>\n\t\t\t\t<\/div>\n\t\t\t\t\t<\/div>\n\t\t<\/div>\n\t\t\t\t\t\t\t<\/div>\n\t\t<\/section>\n\t\t\t\t<section class=\"elementor-section elementor-inner-section elementor-element elementor-element-23d8d91 elementor-section-boxed elementor-section-height-default elementor-section-height-default\" data-id=\"23d8d91\" data-element_type=\"section\">\n\t\t\t\t\t\t<div class=\"elementor-container elementor-column-gap-default\">\n\t\t\t\t\t<div class=\"elementor-column elementor-col-25 elementor-inner-column elementor-element elementor-element-77747d3\" data-id=\"77747d3\" data-element_type=\"column\">\n\t\t\t<div class=\"elementor-widget-wrap elementor-element-populated\">\n\t\t\t\t\t\t\t\t<div class=\"elementor-element elementor-element-f0fdf94 elementor-invisible elementor-widget elementor-widget-single-icon-item\" data-id=\"f0fdf94\" data-element_type=\"widget\" data-settings=\"{&quot;_animation&quot;:&quot;bounceInLeft&quot;}\" data-widget_type=\"single-icon-item.default\">\n\t\t\t\t<div class=\"elementor-widget-container\">\n\t\t\t\t\t\r\n\t\t<div class=\"single-services text-center\">\r\n         <div class=\"services-icon\">\r\n                         \t<img decoding=\"async\" src=\"http:\/\/dasaproducciones.com\/web\/mcb\/wp-content\/uploads\/2023\/08\/logo-tsa.png\" alt=\"img\">\r\n         \t         <\/div>\r\n         <div class=\"services-content typography_style\">\r\n                        <h4 >\r\n            \t<a href=\"#\" target=\"_self\" rel=\"nofollow\" class=\"icon-box-btn\">Transportation Security Administration<\/a>            <\/h4>\r\n         \t            <p >Agencia federal de Estados Unidos que se encarga de proteger los sistemas de transporte y proveer seguridad a los aeropuertos.<\/p>\r\n         <\/div>\r\n      <\/div>\r\n\r\n\t\t\t\t<\/div>\n\t\t\t\t<\/div>\n\t\t\t\t\t<\/div>\n\t\t<\/div>\n\t\t\t\t<div class=\"elementor-column elementor-col-25 elementor-inner-column elementor-element elementor-element-19a4493\" data-id=\"19a4493\" data-element_type=\"column\">\n\t\t\t<div class=\"elementor-widget-wrap elementor-element-populated\">\n\t\t\t\t\t\t\t\t<div class=\"elementor-element elementor-element-12f943f elementor-invisible elementor-widget elementor-widget-single-icon-item\" data-id=\"12f943f\" data-element_type=\"widget\" data-settings=\"{&quot;_animation&quot;:&quot;bounceInUp&quot;}\" data-widget_type=\"single-icon-item.default\">\n\t\t\t\t<div class=\"elementor-widget-container\">\n\t\t\t\t\t\r\n\t\t<div class=\"single-services text-center\">\r\n         <div class=\"services-icon\">\r\n                         \t<img decoding=\"async\" src=\"http:\/\/dasaproducciones.com\/web\/mcb\/wp-content\/uploads\/2023\/08\/global-key-family-network.png\" alt=\"img\">\r\n         \t         <\/div>\r\n         <div class=\"services-content typography_style\">\r\n                        <h4 >\r\n            \t<a href=\"#\" target=\"_self\" rel=\"nofollow\" class=\"icon-box-btn\">Global Key Family Network<\/a>            <\/h4>\r\n         \t            <p >Somos parte de La Red de agentes de carga internacional, ofreciendo un sistema para acceder a m\u00faltiples agentes de env\u00edo internacional y obtener las mejores tarifas de env\u00edo. <\/p>\r\n         <\/div>\r\n      <\/div>\r\n\r\n\t\t\t\t<\/div>\n\t\t\t\t<\/div>\n\t\t\t\t\t<\/div>\n\t\t<\/div>\n\t\t\t\t<div class=\"elementor-column elementor-col-25 elementor-inner-column elementor-element elementor-element-6a67f6c\" data-id=\"6a67f6c\" data-element_type=\"column\">\n\t\t\t<div class=\"elementor-widget-wrap elementor-element-populated\">\n\t\t\t\t\t\t\t\t<div class=\"elementor-element elementor-element-fcc9d10 elementor-invisible elementor-widget elementor-widget-single-icon-item\" data-id=\"fcc9d10\" data-element_type=\"widget\" data-settings=\"{&quot;_animation&quot;:&quot;bounceIn&quot;}\" data-widget_type=\"single-icon-item.default\">\n\t\t\t\t<div class=\"elementor-widget-container\">\n\t\t\t\t\t\r\n\t\t<div class=\"single-services text-center\">\r\n         <div class=\"services-icon\">\r\n                         \t<img decoding=\"async\" src=\"http:\/\/dasaproducciones.com\/web\/mcb\/wp-content\/uploads\/2023\/08\/wca-inter-global.png\" alt=\"img\">\r\n         \t         <\/div>\r\n         <div class=\"services-content typography_style\">\r\n                        <h4 >\r\n            \t<a href=\"#\" target=\"_self\" rel=\"nofollow\" class=\"icon-box-btn\">WCA Inter Global<\/a>            <\/h4>\r\n         \t            <p >Somos parte de la red individual m\u00e1s grande del mundo de agentes de carga independientes, con m\u00e1s de 4000 oficinas miembros en todo el mundo<\/p>\r\n         <\/div>\r\n      <\/div>\r\n\r\n\t\t\t\t<\/div>\n\t\t\t\t<\/div>\n\t\t\t\t\t<\/div>\n\t\t<\/div>\n\t\t\t\t<div class=\"elementor-column elementor-col-25 elementor-inner-column elementor-element elementor-element-692f5ff\" data-id=\"692f5ff\" data-element_type=\"column\">\n\t\t\t<div class=\"elementor-widget-wrap\">\n\t\t\t\t\t\t\t\t\t<\/div>\n\t\t<\/div>\n\t\t\t\t\t\t\t<\/div>\n\t\t<\/section>\n\t\t\t\t\t<\/div>\n\t\t<\/div>\n\t\t\t\t\t\t\t<\/div>\n\t\t<\/section>\n\t\t\t\t<section class=\"elementor-section elementor-top-section elementor-element elementor-element-740a2dc elementor-section-boxed elementor-section-height-default elementor-section-height-default\" data-id=\"740a2dc\" data-element_type=\"section\" data-settings=\"{&quot;background_background&quot;:&quot;classic&quot;}\">\n\t\t\t\t\t\t\t<div class=\"elementor-background-overlay\"><\/div>\n\t\t\t\t\t\t\t<div class=\"elementor-container elementor-column-gap-default\">\n\t\t\t\t\t<div class=\"elementor-column elementor-col-50 elementor-top-column elementor-element elementor-element-caf1d04\" data-id=\"caf1d04\" data-element_type=\"column\">\n\t\t\t<div class=\"elementor-widget-wrap elementor-element-populated\">\n\t\t\t\t\t\t\t\t<section class=\"elementor-section elementor-inner-section elementor-element elementor-element-bcbfcc0 elementor-section-boxed elementor-section-height-default elementor-section-height-default\" data-id=\"bcbfcc0\" data-element_type=\"section\">\n\t\t\t\t\t\t<div class=\"elementor-container elementor-column-gap-default\">\n\t\t\t\t\t<div class=\"elementor-column elementor-col-100 elementor-inner-column elementor-element elementor-element-6728982 elementor-invisible\" data-id=\"6728982\" data-element_type=\"column\" data-settings=\"{&quot;animation&quot;:&quot;bounceIn&quot;}\">\n\t\t\t<div class=\"elementor-widget-wrap elementor-element-populated\">\n\t\t\t\t\t\t\t\t<div class=\"elementor-element elementor-element-f30ac65 elementor-widget elementor-widget-section-head\" data-id=\"f30ac65\" data-element_type=\"widget\" data-widget_type=\"section-head.default\">\n\t\t\t\t<div class=\"elementor-widget-container\">\n\t\t\t\t\t<div class=\"section-title \">\r\n\t\t\t            <span class=\"line wow \">Contacto<\/span>\r\n                        <h2>\r\n            \t            \t<span class=\"tl1\" >Soluciones Log\u00edsticas Personalizadas<\/span>\r\n            \t            \t<span class=\"tl2\" >Servicios Corporativos<\/span>\r\n            \t            <\/h2>\r\n                  <\/div>\r\n\t\t\t<\/div>\n\t\t\t\t<\/div>\n\t\t\t\t\t<\/div>\n\t\t<\/div>\n\t\t\t\t\t\t\t<\/div>\n\t\t<\/section>\n\t\t\t\t<div class=\"elementor-element elementor-element-7e70dbd elementor-widget elementor-widget-spacer\" data-id=\"7e70dbd\" data-element_type=\"widget\" data-widget_type=\"spacer.default\">\n\t\t\t\t<div class=\"elementor-widget-container\">\n\t\t\t<style>\/*! elementor - v3.14.0 - 26-06-2023 *\/\n.elementor-column .elementor-spacer-inner{height:var(--spacer-size)}.e-con{--container-widget-width:100%}.e-con-inner>.elementor-widget-spacer,.e-con>.elementor-widget-spacer{width:var(--container-widget-width,var(--spacer-size));--align-self:var(--container-widget-align-self,initial);--flex-shrink:0}.e-con-inner>.elementor-widget-spacer>.elementor-widget-container,.e-con-inner>.elementor-widget-spacer>.elementor-widget-container>.elementor-spacer,.e-con>.elementor-widget-spacer>.elementor-widget-container,.e-con>.elementor-widget-spacer>.elementor-widget-container>.elementor-spacer{height:100%}.e-con-inner>.elementor-widget-spacer>.elementor-widget-container>.elementor-spacer>.elementor-spacer-inner,.e-con>.elementor-widget-spacer>.elementor-widget-container>.elementor-spacer>.elementor-spacer-inner{height:var(--container-widget-height,var(--spacer-size))}<\/style>\t\t<div class=\"elementor-spacer\">\n\t\t\t<div class=\"elementor-spacer-inner\"><\/div>\n\t\t<\/div>\n\t\t\t\t<\/div>\n\t\t\t\t<\/div>\n\t\t\t\t\t<\/div>\n\t\t<\/div>\n\t\t\t\t<div class=\"elementor-column elementor-col-50 elementor-top-column elementor-element elementor-element-5186f9b\" data-id=\"5186f9b\" data-element_type=\"column\">\n\t\t\t<div class=\"elementor-widget-wrap elementor-element-populated\">\n\t\t\t\t\t\t\t\t<div class=\"elementor-element elementor-element-bba8672 elementor-widget__width-auto elementor-invisible elementor-widget elementor-widget-geoport-button\" data-id=\"bba8672\" data-element_type=\"widget\" data-settings=\"{&quot;_animation&quot;:&quot;bounceInRight&quot;}\" data-widget_type=\"geoport-button.default\">\n\t\t\t\t<div class=\"elementor-widget-container\">\n\t\t\t\t\t<div class=\"geoport-button-wrapper\">\r\n\t\t<a href=\"https:\/\/sercargologistics.com\/corporation\/contacto\/\" target=\"_blank\" rel=\"nofollow\" class=\"geoport-btn btn\"><i class=\"ifs-icon fal fa-angle-right\">\r\n\t\t\t<\/i>Contactar<\/a>\t\t<\/div>\r\n\t\t\t<\/div>\n\t\t\t\t<\/div>\n\t\t\t\t\t<\/div>\n\t\t<\/div>\n\t\t\t\t\t\t\t<\/div>\n\t\t<\/section>\n\t\t\t\t\t\t\t<\/div>\n\t\t","protected":false},"excerpt":{"rendered":"<p>Certificaciones Internacionales Servicios Log\u00edsticos Certificados Certificaciones Internacionales Bonded Warehouse Contamos con almacenes autorizados por las autoridades aduanales para almacenar bienes. Federal Highway Administration Acredita que un veh\u00edculo de autotransporte cumple con las normas de seguridad y condiciones f\u00edsico mec\u00e1nicas para transitar en los caminos y puentes de jurisdicci\u00f3n federal en Estados Unidos. NVOCC Es un [&hellip;]<\/p>\n","protected":false},"author":1,"featured_media":0,"parent":0,"menu_order":0,"comment_status":"closed","ping_status":"closed","template":"page-template\/blank-page-sidebar.php","meta":{"_monsterinsights_skip_tracking":false,"_monsterinsights_sitenote_active":false,"_monsterinsights_sitenote_note":"","_monsterinsights_sitenote_category":0,"footnotes":""},"class_list":["post-3476","page","type-page","status-publish","hentry"],"aioseo_notices":[],"_links":{"self":[{"href":"https:\/\/sercargologistics.com\/corporation\/wp-json\/wp\/v2\/pages\/3476","targetHints":{"allow":["GET"]}}],"collection":[{"href":"https:\/\/sercargologistics.com\/corporation\/wp-json\/wp\/v2\/pages"}],"about":[{"href":"https:\/\/sercargologistics.com\/corporation\/wp-json\/wp\/v2\/types\/page"}],"author":[{"embeddable":true,"href":"https:\/\/sercargologistics.com\/corporation\/wp-json\/wp\/v2\/users\/1"}],"replies":[{"embeddable":true,"href":"https:\/\/sercargologistics.com\/corporation\/wp-json\/wp\/v2\/comments?post=3476"}],"version-history":[{"count":13,"href":"https:\/\/sercargologistics.com\/corporation\/wp-json\/wp\/v2\/pages\/3476\/revisions"}],"predecessor-version":[{"id":3691,"href":"https:\/\/sercargologistics.com\/corporation\/wp-json\/wp\/v2\/pages\/3476\/revisions\/3691"}],"wp:attachment":[{"href":"https:\/\/sercargologistics.com\/corporation\/wp-json\/wp\/v2\/media?parent=3476"}],"curies":[{"name":"wp","href":"https:\/\/api.w.org\/{rel}","templated":true}]}}