{"id":1841,"date":"2020-04-04T06:15:26","date_gmt":"2020-04-04T06:15:26","guid":{"rendered":"http:\/\/pluginspoint.com\/geoport\/?page_id=1841"},"modified":"2025-07-01T03:29:17","modified_gmt":"2025-07-01T03:29:17","slug":"contacto","status":"publish","type":"page","link":"https:\/\/sercargologistics.com\/corporation\/contacto\/","title":{"rendered":"Contacto"},"content":{"rendered":"\t\t<div data-elementor-type=\"wp-page\" data-elementor-id=\"1841\" class=\"elementor elementor-1841\">\n\t\t\t\t\t\t\t\t\t<section class=\"elementor-section elementor-top-section elementor-element elementor-element-14a4dc3 elementor-section-boxed elementor-section-height-default elementor-section-height-default\" data-id=\"14a4dc3\" data-element_type=\"section\">\n\t\t\t\t\t\t<div class=\"elementor-container elementor-column-gap-default\">\n\t\t\t\t\t<div class=\"elementor-column elementor-col-100 elementor-top-column elementor-element elementor-element-515fdf0\" data-id=\"515fdf0\" data-element_type=\"column\">\n\t\t\t<div class=\"elementor-widget-wrap elementor-element-populated\">\n\t\t\t\t\t\t\t\t<section class=\"elementor-section elementor-inner-section elementor-element elementor-element-e249bd4 elementor-section-boxed elementor-section-height-default elementor-section-height-default\" data-id=\"e249bd4\" data-element_type=\"section\">\n\t\t\t\t\t\t<div class=\"elementor-container elementor-column-gap-default\">\n\t\t\t\t\t<div class=\"elementor-column elementor-col-33 elementor-inner-column elementor-element elementor-element-614f11a elementor-invisible\" data-id=\"614f11a\" data-element_type=\"column\" data-settings=\"{&quot;animation&quot;:&quot;bounceIn&quot;}\">\n\t\t\t<div class=\"elementor-widget-wrap elementor-element-populated\">\n\t\t\t\t\t\t\t\t<div class=\"elementor-element elementor-element-128a8c7 elementor-widget elementor-widget-contact-box\" data-id=\"128a8c7\" data-element_type=\"widget\" data-widget_type=\"contact-box.default\">\n\t\t\t\t<div class=\"elementor-widget-container\">\n\t\t\t\r\n      <div class=\"single-contact-box text-center\">\r\n         <div class=\"contact-box-content\">\r\n            <div class=\"contact-icon\">\r\n               \t         \t\t<i class=\"fal fa-phone\"><\/i>\r\n\t         \t            <\/div>\r\n                        <h4 >\r\n            \tTel\u00e9fono            <\/h4>\r\n         \t            <p >+504 3187-9603<\/p>\r\n         <\/div>\r\n         <div class=\"contact-box-btn\">\r\n         \t            \t<a href=\"tel:+50431873010\">\r\n                        \t\t         \t\t<i class=\"fal fa-phone\"><\/i>\r\n\t         \t Call Us Now         \t\t<\/a>\r\n         <\/div>\r\n         <div class=\"contact-box-big-icon\">\r\n                     \t\t<i class=\"fal fa-phone\"><\/i>\r\n         \t         <\/div>\r\n      <\/div>\r\n\r\n\t\t\t<\/div>\n\t\t\t\t<\/div>\n\t\t\t\t\t<\/div>\n\t\t<\/div>\n\t\t\t\t<div class=\"elementor-column elementor-col-33 elementor-inner-column elementor-element elementor-element-5a3365b elementor-invisible\" data-id=\"5a3365b\" data-element_type=\"column\" data-settings=\"{&quot;animation&quot;:&quot;bounceIn&quot;}\">\n\t\t\t<div class=\"elementor-widget-wrap elementor-element-populated\">\n\t\t\t\t\t\t\t\t<div class=\"elementor-element elementor-element-b1f607e elementor-widget elementor-widget-contact-box\" data-id=\"b1f607e\" data-element_type=\"widget\" data-widget_type=\"contact-box.default\">\n\t\t\t\t<div class=\"elementor-widget-container\">\n\t\t\t\r\n      <div class=\"single-contact-box text-center\">\r\n         <div class=\"contact-box-content\">\r\n            <div class=\"contact-icon\">\r\n               \t         \t\t<i class=\"fal fa-envelope\"><\/i>\r\n\t         \t            <\/div>\r\n                        <h4 >\r\n            \tEmail            <\/h4>\r\n         \t            <p >ventas.consolidadora@sercargologistics.com<\/p>\r\n         <\/div>\r\n         <div class=\"contact-box-btn\">\r\n         \t            \t<a href=\"mailto:ventas.consolidadora@sercargologistics.com\">\r\n                        \t\t         \t\t<i class=\"fal fa-envelope\"><\/i>\r\n\t         \tCont\u00e1ctenos         \t\t<\/a>\r\n         <\/div>\r\n         <div class=\"contact-box-big-icon\">\r\n                     \t\t<i class=\"fal fa-envelope\"><\/i>\r\n         \t         <\/div>\r\n      <\/div>\r\n\r\n\t\t\t<\/div>\n\t\t\t\t<\/div>\n\t\t\t\t\t<\/div>\n\t\t<\/div>\n\t\t\t\t<div class=\"elementor-column elementor-col-33 elementor-inner-column elementor-element elementor-element-7199f22 elementor-invisible\" data-id=\"7199f22\" data-element_type=\"column\" data-settings=\"{&quot;animation&quot;:&quot;bounceIn&quot;}\">\n\t\t\t<div class=\"elementor-widget-wrap elementor-element-populated\">\n\t\t\t\t\t\t\t\t<div class=\"elementor-element elementor-element-5c1ca7f elementor-widget elementor-widget-contact-box\" data-id=\"5c1ca7f\" data-element_type=\"widget\" data-widget_type=\"contact-box.default\">\n\t\t\t\t<div class=\"elementor-widget-container\">\n\t\t\t\r\n      <div class=\"single-contact-box text-center\">\r\n         <div class=\"contact-box-content\">\r\n            <div class=\"contact-icon\">\r\n               \t         \t\t<i class=\"fal fa-map\"><\/i>\r\n\t         \t            <\/div>\r\n                        <h4 >\r\n            \tDirecci\u00f3n            <\/h4>\r\n         \t            <p >16 Ave. 6 calle, N.O., Bo. Los Andes, Edificio Corporativo Metropark, 5to. piso, Local #501\/506, 21102, San Pedro Sula, Honduras.<\/p>\r\n         <\/div>\r\n         <div class=\"contact-box-btn\">\r\n         \t            \t<a href=\"https:\/\/goo.gl\/maps\/yrgMPYTWwCcUUA8w9\">\r\n                        \t\t         \t\t<i class=\"fal fa-map\"><\/i>\r\n\t         \tVer direcci\u00f3n         \t\t<\/a>\r\n         <\/div>\r\n         <div class=\"contact-box-big-icon\">\r\n                     \t\t<i class=\"fal fa-map\"><\/i>\r\n         \t         <\/div>\r\n      <\/div>\r\n\r\n\t\t\t<\/div>\n\t\t\t\t<\/div>\n\t\t\t\t\t<\/div>\n\t\t<\/div>\n\t\t\t\t\t\t\t<\/div>\n\t\t<\/section>\n\t\t\t\t\t<\/div>\n\t\t<\/div>\n\t\t\t\t\t\t\t<\/div>\n\t\t<\/section>\n\t\t\t\t<section class=\"elementor-section elementor-top-section elementor-element elementor-element-bee28ec elementor-section-full_width elementor-section-height-default elementor-section-height-default\" data-id=\"bee28ec\" data-element_type=\"section\">\n\t\t\t\t\t\t<div class=\"elementor-container elementor-column-gap-default\">\n\t\t\t\t\t<div class=\"elementor-column elementor-col-100 elementor-top-column elementor-element elementor-element-5daad72\" data-id=\"5daad72\" data-element_type=\"column\">\n\t\t\t<div class=\"elementor-widget-wrap elementor-element-populated\">\n\t\t\t\t\t\t\t\t<div class=\"elementor-element elementor-element-28a7859 elementor-widget elementor-widget-google_maps\" data-id=\"28a7859\" data-element_type=\"widget\" data-widget_type=\"google_maps.default\">\n\t\t\t\t<div class=\"elementor-widget-container\">\n\t\t\t<style>\/*! elementor - v3.14.0 - 26-06-2023 *\/\n.elementor-widget-google_maps .elementor-widget-container{overflow:hidden}.elementor-widget-google_maps .elementor-custom-embed{line-height:0}.elementor-widget-google_maps iframe{height:300px}<\/style>\t\t<div class=\"elementor-custom-embed\">\n\t\t\t<iframe loading=\"lazy\"\n\t\t\t\t\tsrc=\"https:\/\/maps.google.com\/maps?q=GX67%2BMR%20San%20Pedro%20Sula&#038;t=m&#038;z=15&#038;output=embed&#038;iwloc=near\"\n\t\t\t\t\ttitle=\"GX67+MR San Pedro Sula\"\n\t\t\t\t\taria-label=\"GX67+MR San Pedro Sula\"\n\t\t\t><\/iframe>\n\t\t<\/div>\n\t\t\t\t<\/div>\n\t\t\t\t<\/div>\n\t\t\t\t<section class=\"elementor-section elementor-inner-section elementor-element elementor-element-b7d0c43 contact-page-map elementor-section-boxed elementor-section-height-default elementor-section-height-default\" data-id=\"b7d0c43\" data-element_type=\"section\">\n\t\t\t\t\t\t<div class=\"elementor-container elementor-column-gap-default\">\n\t\t\t\t\t<div class=\"elementor-column elementor-col-100 elementor-inner-column elementor-element elementor-element-94d74f1\" data-id=\"94d74f1\" data-element_type=\"column\" data-settings=\"{&quot;background_background&quot;:&quot;classic&quot;}\">\n\t\t\t<div class=\"elementor-widget-wrap elementor-element-populated\">\n\t\t\t\t\t\t\t\t<div class=\"elementor-element elementor-element-39a57be elementor-widget elementor-widget-heading\" data-id=\"39a57be\" data-element_type=\"widget\" data-widget_type=\"heading.default\">\n\t\t\t\t<div class=\"elementor-widget-container\">\n\t\t\t<style>\/*! elementor - v3.14.0 - 26-06-2023 *\/\n.elementor-heading-title{padding:0;margin:0;line-height:1}.elementor-widget-heading .elementor-heading-title[class*=elementor-size-]>a{color:inherit;font-size:inherit;line-height:inherit}.elementor-widget-heading .elementor-heading-title.elementor-size-small{font-size:15px}.elementor-widget-heading .elementor-heading-title.elementor-size-medium{font-size:19px}.elementor-widget-heading .elementor-heading-title.elementor-size-large{font-size:29px}.elementor-widget-heading .elementor-heading-title.elementor-size-xl{font-size:39px}.elementor-widget-heading .elementor-heading-title.elementor-size-xxl{font-size:59px}<\/style><h2 class=\"elementor-heading-title elementor-size-default\">Estamos Aqu\u00ed <br>\nReciba una Cotizaci\u00f3n<\/h2>\t\t<\/div>\n\t\t\t\t<\/div>\n\t\t\t\t<div class=\"elementor-element elementor-element-fd502f8 text-left elementor-widget elementor-widget-shortcode\" data-id=\"fd502f8\" data-element_type=\"widget\" data-widget_type=\"shortcode.default\">\n\t\t\t\t<div class=\"elementor-widget-container\">\n\t\t\t\t\t<div class=\"elementor-shortcode\"><!--[contact-form-7 id=\"1886\" title=\"Contact Page Form\"]-->\n<div class=\"wpforms-container wpforms-container-full wpforms-render-modern\" id=\"wpforms-3643\"><form id=\"wpforms-form-3643\" class=\"wpforms-validate wpforms-form wpforms-ajax-form\" data-formid=\"3643\" method=\"post\" enctype=\"multipart\/form-data\" action=\"\/corporation\/wp-json\/wp\/v2\/pages\/1841\" data-token=\"d2124d90447413988110ab01a114ed56\" data-token-time=\"1776577198\"><noscript class=\"wpforms-error-noscript\">Please enable JavaScript in your browser to complete this form.<\/noscript><div class=\"wpforms-hidden\" id=\"wpforms-error-noscript\">Please enable JavaScript in your browser to complete this form.<\/div><div class=\"wpforms-field-container\"><div id=\"wpforms-3643-field_1-container\" class=\"wpforms-field wpforms-field-name\" data-field-id=\"1\"><label class=\"wpforms-field-label wpforms-label-hide\" for=\"wpforms-3643-field_1\" aria-hidden=\"false\">Nombre <span class=\"wpforms-required-label\" aria-hidden=\"true\">*<\/span><\/label><input type=\"text\" id=\"wpforms-3643-field_1\" class=\"wpforms-field-medium wpforms-field-required\" name=\"wpforms[fields][1]\" placeholder=\"Nombre\" aria-errormessage=\"wpforms-3643-field_1-error\" required><\/div><div id=\"wpforms-3643-field_2-container\" class=\"wpforms-field wpforms-field-email\" data-field-id=\"2\"><label class=\"wpforms-field-label wpforms-label-hide\" for=\"wpforms-3643-field_2\" aria-hidden=\"false\">Email <span class=\"wpforms-required-label\" aria-hidden=\"true\">*<\/span><\/label><input type=\"email\" id=\"wpforms-3643-field_2\" class=\"wpforms-field-medium wpforms-field-required\" name=\"wpforms[fields][2]\" placeholder=\"Email\" spellcheck=\"false\" aria-errormessage=\"wpforms-3643-field_2-error\" required><\/div><div id=\"wpforms-3643-field_7-container\" class=\"wpforms-field wpforms-field-number\" data-field-id=\"7\"><label class=\"wpforms-field-label wpforms-label-hide\" for=\"wpforms-3643-field_7\" aria-hidden=\"false\">Tel\u00e9fono <span class=\"wpforms-required-label\" aria-hidden=\"true\">*<\/span><\/label><input type=\"number\" id=\"wpforms-3643-field_7\" class=\"wpforms-field-medium wpforms-field-required\" name=\"wpforms[fields][7]\" placeholder=\"Tel\u00e9fono\" step=\"any\" aria-errormessage=\"wpforms-3643-field_7-error\" required><\/div><div id=\"wpforms-3643-field_8-container\" class=\"wpforms-field wpforms-field-text\" data-field-id=\"8\"><label class=\"wpforms-field-label wpforms-label-hide\" for=\"wpforms-3643-field_8\" aria-hidden=\"false\">Asunto <span class=\"wpforms-required-label\" aria-hidden=\"true\">*<\/span><\/label><input type=\"text\" id=\"wpforms-3643-field_8\" class=\"wpforms-field-medium wpforms-field-required\" name=\"wpforms[fields][8]\" placeholder=\"Asunto\" aria-errormessage=\"wpforms-3643-field_8-error\" required><\/div><div id=\"wpforms-3643-field_3-container\" class=\"wpforms-field wpforms-field-textarea\" data-field-id=\"3\"><label class=\"wpforms-field-label wpforms-label-hide\" for=\"wpforms-3643-field_3\" aria-hidden=\"false\">Mensaje<\/label><textarea id=\"wpforms-3643-field_3\" class=\"wpforms-field-medium\" name=\"wpforms[fields][3]\" placeholder=\"Mensaje\" aria-errormessage=\"wpforms-3643-field_3-error\" ><\/textarea><\/div><\/div><!-- .wpforms-field-container --><div class=\"wpforms-recaptcha-container wpforms-is-recaptcha wpforms-is-recaptcha-type-v2\" ><div class=\"g-recaptcha\" data-sitekey=\"6LfcygMgAAAAAFsx35GgVi5jEFelBOaTgzH2vJl8\"><\/div><input type=\"text\" name=\"g-recaptcha-hidden\" class=\"wpforms-recaptcha-hidden\" style=\"position:absolute!important;clip:rect(0,0,0,0)!important;height:1px!important;width:1px!important;border:0!important;overflow:hidden!important;padding:0!important;margin:0!important;\" data-rule-recaptcha=\"1\"><\/div><div class=\"wpforms-submit-container\" ><input type=\"hidden\" name=\"wpforms[id]\" value=\"3643\"><input type=\"hidden\" name=\"page_title\" value=\"\"><input type=\"hidden\" name=\"page_url\" value=\"https:\/\/sercargologistics.com\/corporation\/wp-json\/wp\/v2\/pages\/1841\"><input type=\"hidden\" name=\"url_referer\" value=\"\"><button type=\"submit\" name=\"wpforms[submit]\" id=\"wpforms-submit-3643\" class=\"wpforms-submit\" data-alt-text=\"Enviando...\" data-submit-text=\"Enviar\" aria-live=\"assertive\" value=\"wpforms-submit\">Enviar<\/button><img loading=\"lazy\" decoding=\"async\" src=\"https:\/\/sercargologistics.com\/corporation\/wp-content\/plugins\/wpforms-lite\/assets\/images\/submit-spin.svg\" class=\"wpforms-submit-spinner\" style=\"display: none;\" width=\"26\" height=\"26\" alt=\"Loading\"><\/div><\/form><\/div>  <!-- .wpforms-container --><\/div>\n\t\t\t\t<\/div>\n\t\t\t\t<\/div>\n\t\t\t\t\t<\/div>\n\t\t<\/div>\n\t\t\t\t\t\t\t<\/div>\n\t\t<\/section>\n\t\t\t\t\t<\/div>\n\t\t<\/div>\n\t\t\t\t\t\t\t<\/div>\n\t\t<\/section>\n\t\t\t\t\t\t\t<\/div>\n\t\t","protected":false},"excerpt":{"rendered":"<p>Tel\u00e9fono +504 3187-9603 Call Us Now Email ventas.consolidadora@sercargologistics.com Cont\u00e1ctenos Direcci\u00f3n 16 Ave. 6 calle, N.O., Bo. Los Andes, Edificio Corporativo Metropark, 5to. piso, Local #501\/506, 21102, San Pedro Sula, Honduras. Ver direcci\u00f3n Estamos Aqu\u00ed Reciba una Cotizaci\u00f3n<\/p>\n","protected":false},"author":1,"featured_media":3405,"parent":0,"menu_order":0,"comment_status":"closed","ping_status":"closed","template":"page-template\/blank-page-sidebar.php","meta":{"_monsterinsights_skip_tracking":false,"_monsterinsights_sitenote_active":false,"_monsterinsights_sitenote_note":"","_monsterinsights_sitenote_category":0,"footnotes":""},"class_list":["post-1841","page","type-page","status-publish","has-post-thumbnail","hentry"],"aioseo_notices":[],"_links":{"self":[{"href":"https:\/\/sercargologistics.com\/corporation\/wp-json\/wp\/v2\/pages\/1841","targetHints":{"allow":["GET"]}}],"collection":[{"href":"https:\/\/sercargologistics.com\/corporation\/wp-json\/wp\/v2\/pages"}],"about":[{"href":"https:\/\/sercargologistics.com\/corporation\/wp-json\/wp\/v2\/types\/page"}],"author":[{"embeddable":true,"href":"https:\/\/sercargologistics.com\/corporation\/wp-json\/wp\/v2\/users\/1"}],"replies":[{"embeddable":true,"href":"https:\/\/sercargologistics.com\/corporation\/wp-json\/wp\/v2\/comments?post=1841"}],"version-history":[{"count":43,"href":"https:\/\/sercargologistics.com\/corporation\/wp-json\/wp\/v2\/pages\/1841\/revisions"}],"predecessor-version":[{"id":3780,"href":"https:\/\/sercargologistics.com\/corporation\/wp-json\/wp\/v2\/pages\/1841\/revisions\/3780"}],"wp:featuredmedia":[{"embeddable":true,"href":"https:\/\/sercargologistics.com\/corporation\/wp-json\/wp\/v2\/media\/3405"}],"wp:attachment":[{"href":"https:\/\/sercargologistics.com\/corporation\/wp-json\/wp\/v2\/media?parent=1841"}],"curies":[{"name":"wp","href":"https:\/\/api.w.org\/{rel}","templated":true}]}}